{"id":3167,"date":"2022-07-16T23:00:05","date_gmt":"2022-07-16T23:00:05","guid":{"rendered":"https:\/\/www.andrejic.rs\/?page_id=3167"},"modified":"2022-12-19T15:13:48","modified_gmt":"2022-12-19T15:13:48","slug":"3167-2","status":"publish","type":"page","link":"https:\/\/www.andrejic.rs\/sr\/3167-2\/","title":{"rendered":"Rankings"},"content":{"rendered":"<p>[et_pb_section fb_built=&#8221;1&#8243; admin_label=&#8221;Page Title Section&#8221; _builder_version=&#8221;4.2.2&#8243; use_background_color_gradient=&#8221;on&#8221; background_color_gradient_start=&#8221;rgba(0,1,45,0.75)&#8221; background_color_gradient_end=&#8221;rgba(66,68,71,0)&#8221; background_color_gradient_end_position=&#8221;80%&#8221; background_color_gradient_overlays_image=&#8221;on&#8221; background_image=&#8221;https:\/\/www.andrejic.rs\/wp-content\/uploads\/2022\/07\/Logo-veliki-scaled.jpg&#8221; background_size=&#8221;contain&#8221; custom_padding=&#8221;120px||120px|&#8221; animation_style=&#8221;fade&#8221; animation_duration=&#8221;1200ms&#8221;][\/et_pb_section][et_pb_section fb_built=&#8221;1&#8243; admin_label=&#8221;Quote Section&#8221; _builder_version=&#8221;4.2.2&#8243; width=&#8221;100%&#8221; custom_margin=&#8221;||||false|false&#8221; custom_padding=&#8221;37px||65px||false|false&#8221; border_color_all=&#8221;rgba(0,0,0,0.42)&#8221; border_width_right=&#8221;0vw&#8221; locked=&#8221;off&#8221;][et_pb_row admin_label=&#8221;Quote Area&#8221; _builder_version=&#8221;4.2.2&#8243; width=&#8221;93%&#8221; module_alignment=&#8221;center&#8221; custom_padding=&#8221;|0px|||false|false&#8221; animation_direction=&#8221;left&#8221;][et_pb_column type=&#8221;4_4&#8243; _builder_version=&#8221;4.2.2&#8243; custom_padding=&#8221;|||&#8221; custom_padding__hover=&#8221;|||&#8221;][et_pb_text _builder_version=&#8221;4.2.2&#8243; text_font=&#8221;Verdana||||||||&#8221; text_font_size=&#8221;19px&#8221; text_letter_spacing=&#8221;1px&#8221; text_line_height=&#8221;1.8em&#8221; header_font=&#8221;||||||||&#8221; max_width=&#8221;700px&#8221; module_alignment=&#8221;center&#8221; custom_margin=&#8221;|||&#8221; custom_padding=&#8221;21px|||0px|false|false&#8221; animation_style=&#8221;slide&#8221; animation_direction=&#8221;left&#8221; animation_duration=&#8221;1550ms&#8221; animation_starting_opacity=&#8221;100%&#8221; border_color_all=&#8221;#313e47&#8243; inline_fonts=&#8221;Verdana&#8221;]<\/p>\n<p style=\"text-align: justify;\">Andreji\u0107 &amp; Partners has been highly recommended from its founding by two of the leading independent reviews of the legal profession: IFLR1000 and Legal 500.<\/p>\n<p>[\/et_pb_text][\/et_pb_column][\/et_pb_row][\/et_pb_section][et_pb_section fb_built=&#8221;1&#8243; admin_label=&#8221;Quote Section&#8221; _builder_version=&#8221;4.2.2&#8243; background_color=&#8221;#f7f7f7&#8243; width=&#8221;100%&#8221; custom_margin=&#8221;||||false|false&#8221; custom_padding=&#8221;42px||||false|false&#8221; border_color_all=&#8221;rgba(0,0,0,0.42)&#8221; border_width_right=&#8221;0vw&#8221; locked=&#8221;off&#8221;][et_pb_row admin_label=&#8221;Quote Area&#8221; _builder_version=&#8221;4.2.2&#8243; width=&#8221;100%&#8221; module_alignment=&#8221;center&#8221; custom_margin=&#8221;|auto|-42px|auto||&#8221; custom_padding=&#8221;|0px|0px||false|false&#8221; animation_style=&#8221;slide&#8221; animation_direction=&#8221;right&#8221; animation_intensity_slide=&#8221;2%&#8221; locked=&#8221;off&#8221;][et_pb_column type=&#8221;4_4&#8243; _builder_version=&#8221;4.2.2&#8243;][et_pb_text _builder_version=&#8221;4.2.2&#8243; text_font=&#8221;Prata||||||||&#8221; text_font_size=&#8221;24px&#8221; text_letter_spacing=&#8221;1px&#8221; text_line_height=&#8221;1.8em&#8221; header_font=&#8221;||||||||&#8221; max_width=&#8221;700px&#8221; module_alignment=&#8221;center&#8221; custom_margin=&#8221;||3px|||&#8221; custom_padding=&#8221;|||0px|false|false&#8221; animation_style=&#8221;flip&#8221; animation_intensity_flip=&#8221;5%&#8221; animation_starting_opacity=&#8221;100%&#8221; border_color_all=&#8221;#313e47&#8243; inline_fonts=&#8221;Verdana&#8221;]<\/p>\n<h1 style=\"text-align: center;\">LEGAL 500 RANKING<\/h1>\n<p>[\/et_pb_text][et_pb_divider color=&#8221;#000000&#8243; divider_position=&#8221;center&#8221; divider_weight=&#8221;3px&#8221; _builder_version=&#8221;4.2.2&#8243; max_width=&#8221;70px&#8221; module_alignment=&#8221;center&#8221; animation_style=&#8221;slide&#8221; animation_direction=&#8221;top&#8221; animation_intensity_slide=&#8221;10%&#8221; animation_starting_opacity=&#8221;100%&#8221; locked=&#8221;off&#8221;][\/et_pb_divider][\/et_pb_column][\/et_pb_row][et_pb_row admin_label=&#8221;Quote Area&#8221; _builder_version=&#8221;4.2.2&#8243; width=&#8221;93%&#8221; module_alignment=&#8221;center&#8221; custom_padding=&#8221;|0px|||false|false&#8221; animation_style=&#8221;slide&#8221; animation_direction=&#8221;right&#8221; animation_intensity_slide=&#8221;2%&#8221; locked=&#8221;off&#8221;][et_pb_column type=&#8221;4_4&#8243; _builder_version=&#8221;4.2.2&#8243; custom_padding=&#8221;|||&#8221; custom_padding__hover=&#8221;|||&#8221;][et_pb_text _builder_version=&#8221;4.2.2&#8243; text_font=&#8221;Verdana||||||||&#8221; text_font_size=&#8221;18px&#8221; text_letter_spacing=&#8221;1px&#8221; text_line_height=&#8221;1.8em&#8221; header_font=&#8221;||||||||&#8221; max_width=&#8221;700px&#8221; module_alignment=&#8221;center&#8221; custom_margin=&#8221;|||&#8221; custom_padding=&#8221;21px|||0px|false|false&#8221; animation_style=&#8221;slide&#8221; animation_direction=&#8221;right&#8221; animation_duration=&#8221;1350ms&#8221; animation_starting_opacity=&#8221;100%&#8221; hover_enabled=&#8221;0&#8243; border_color_all=&#8221;#313e47&#8243; inline_fonts=&#8221;Verdana&#8221;]<\/p>\n<h1 style=\"text-align: center;\"><img decoding=\"async\" src=\"https:\/\/www.andrejic.rs\/wp-content\/uploads\/2022\/07\/emea-leading-firm-2022.jpeg\" width=\"148\" height=\"214\" alt=\"\" class=\"wp-image-3172 alignnone size-full\" srcset=\"https:\/\/www.andrejic.rs\/wp-content\/uploads\/2022\/07\/emea-leading-firm-2022.jpeg 148w, https:\/\/www.andrejic.rs\/wp-content\/uploads\/2022\/07\/emea-leading-firm-2022-8x12.jpeg 8w\" sizes=\"(max-width: 148px) 100vw, 148px\" \/><\/h1>\n<p style=\"text-align: justify;\"><span lang=\"EN-US\">For more than 30 years, The Legal 500 has been analyzing the capabilities of law firms in over 100 jurisdictions around the world, with a comprehensive research program revised and updated every year to present the most up-to-date vision of the global legal market. Andreji\u0107 &amp; Partners has maintained its rank as a leading firm in The Legal 500 since its founding.<o:p><\/o:p><\/span><\/p>\n<p style=\"text-align: justify;\">Da biste videli na\u0161 trenutni rang, posetite slede\u0107i <a href=\"https:\/\/www.legal500.com\/firms\/235892-andrejic-partners\/235290-belgrade-serbia\/\"><span>link<\/span><\/a>.<\/p>\n<p>[\/et_pb_text][\/et_pb_column][\/et_pb_row][\/et_pb_section][et_pb_section fb_built=&#8221;1&#8243; admin_label=&#8221;Fun Fact Section&#8221; _builder_version=&#8221;4.2.2&#8243; background_enable_color=&#8221;off&#8221; custom_padding=&#8221;46px||48px|||&#8221; animation_style=&#8221;slide&#8221; animation_direction=&#8221;left&#8221; animation_duration=&#8221;1350ms&#8221; locked=&#8221;off&#8221;][et_pb_row admin_label=&#8221;Quote Area&#8221; _builder_version=&#8221;4.2.2&#8243; width=&#8221;100%&#8221; module_alignment=&#8221;center&#8221; custom_margin=&#8221;|auto|-42px|auto||&#8221; custom_padding=&#8221;|0px|0px||false|false&#8221; animation_style=&#8221;slide&#8221; animation_direction=&#8221;right&#8221; animation_intensity_slide=&#8221;2%&#8221; locked=&#8221;off&#8221;][et_pb_column type=&#8221;4_4&#8243; _builder_version=&#8221;4.2.2&#8243;][et_pb_text _builder_version=&#8221;4.2.2&#8243; text_font=&#8221;Prata||||||||&#8221; text_font_size=&#8221;24px&#8221; text_letter_spacing=&#8221;1px&#8221; text_line_height=&#8221;1.8em&#8221; header_font=&#8221;||||||||&#8221; max_width=&#8221;700px&#8221; module_alignment=&#8221;center&#8221; custom_margin=&#8221;||0px|||&#8221; custom_padding=&#8221;|||0px|false|false&#8221; animation_style=&#8221;flip&#8221; animation_intensity_flip=&#8221;5%&#8221; animation_starting_opacity=&#8221;100%&#8221; border_color_all=&#8221;#313e47&#8243; inline_fonts=&#8221;Verdana&#8221;]<\/p>\n<h1 style=\"text-align: center;\">IFLR1000 RANKING<\/h1>\n<p>[\/et_pb_text][et_pb_divider color=&#8221;#000000&#8243; divider_position=&#8221;center&#8221; divider_weight=&#8221;3px&#8221; _builder_version=&#8221;4.2.2&#8243; max_width=&#8221;70px&#8221; module_alignment=&#8221;center&#8221; animation_style=&#8221;slide&#8221; animation_direction=&#8221;top&#8221; animation_intensity_slide=&#8221;10%&#8221; animation_starting_opacity=&#8221;100%&#8221; locked=&#8221;off&#8221;][\/et_pb_divider][\/et_pb_column][\/et_pb_row][et_pb_row admin_label=&#8221;Quote Area&#8221; _builder_version=&#8221;4.2.2&#8243; width=&#8221;93%&#8221; module_alignment=&#8221;center&#8221; custom_padding=&#8221;|0px|||false|false&#8221; animation_style=&#8221;slide&#8221; animation_direction=&#8221;right&#8221; animation_intensity_slide=&#8221;2%&#8221; locked=&#8221;off&#8221;][et_pb_column type=&#8221;4_4&#8243; _builder_version=&#8221;4.2.2&#8243; custom_padding=&#8221;|||&#8221; custom_padding__hover=&#8221;|||&#8221;][et_pb_text _builder_version=&#8221;4.2.2&#8243; text_font=&#8221;Verdana||||||||&#8221; text_font_size=&#8221;18px&#8221; text_letter_spacing=&#8221;1px&#8221; text_line_height=&#8221;1.8em&#8221; header_font=&#8221;||||||||&#8221; max_width=&#8221;700px&#8221; module_alignment=&#8221;center&#8221; custom_margin=&#8221;|||&#8221; custom_padding=&#8221;21px|||0px|false|false&#8221; animation_style=&#8221;slide&#8221; animation_direction=&#8221;right&#8221; animation_duration=&#8221;1350ms&#8221; animation_starting_opacity=&#8221;100%&#8221; hover_enabled=&#8221;0&#8243; border_color_all=&#8221;#313e47&#8243; inline_fonts=&#8221;Verdana&#8221;]<\/p>\n<h1 style=\"text-align: center;\"><span color=\"#666666\" face=\"Verdana\" size=\"3\" style=\"color: #666666; font-family: Verdana; font-size: medium;\"><img decoding=\"async\" src=\"https:\/\/www.andrejic.rs\/wp-content\/uploads\/2022\/07\/2022_iflr1000_recommended-firm_21-to-22-183x300.jpeg\" width=\"183\" height=\"300\" alt=\"\" class=\"wp-image-3171 alignnone size-medium\" \/><\/span><\/h1>\n<p style=\"text-align: justify;\"><span lang=\"EN-US\">IFLR1000 \u2013 the guide to the world\u2019s leading financial and corporate law firms \u2013 ranked Andreji\u0107 &amp; Partners as a leading law firm in Serbia in 2021.<o:p><\/o:p><\/span><\/p>\n<p style=\"text-align: justify;\">Da biste videli na\u0161 trenutni rang, posetite slede\u0107i <a href=\"https:\/\/www.iflr1000.com\/Firm\/Andrejic-Partners\/Profile\/43864#rankings\"><span>link<\/span><\/a>.<\/p>\n<p>[\/et_pb_text][\/et_pb_column][\/et_pb_row][\/et_pb_section][et_pb_section fb_built=&#8221;1&#8243; admin_label=&#8221;Quote Section&#8221; _builder_version=&#8221;4.2.2&#8243; background_color=&#8221;#f7f7f7&#8243; width=&#8221;100%&#8221; custom_margin=&#8221;||||false|false&#8221; custom_padding=&#8221;43px||||false|false&#8221; animation_style=&#8221;slide&#8221; animation_direction=&#8221;right&#8221; border_color_all=&#8221;rgba(0,0,0,0.42)&#8221; border_width_right=&#8221;0vw&#8221; locked=&#8221;off&#8221;][et_pb_row admin_label=&#8221;Quote Area&#8221; _builder_version=&#8221;4.2.2&#8243; width=&#8221;100%&#8221; module_alignment=&#8221;center&#8221; custom_margin=&#8221;|auto|-42px|auto||&#8221; custom_padding=&#8221;|0px|0px||false|false&#8221; animation_style=&#8221;slide&#8221; animation_direction=&#8221;right&#8221; animation_intensity_slide=&#8221;2%&#8221;][et_pb_column type=&#8221;4_4&#8243; _builder_version=&#8221;4.2.2&#8243;][et_pb_text _builder_version=&#8221;4.2.2&#8243; text_font=&#8221;Prata||||||||&#8221; text_font_size=&#8221;24px&#8221; text_letter_spacing=&#8221;1px&#8221; text_line_height=&#8221;1.8em&#8221; header_font=&#8221;||||||||&#8221; max_width=&#8221;700px&#8221; module_alignment=&#8221;center&#8221; custom_margin=&#8221;|||&#8221; custom_padding=&#8221;|||0px|false|false&#8221; animation_style=&#8221;flip&#8221; animation_intensity_flip=&#8221;5%&#8221; animation_starting_opacity=&#8221;100%&#8221; border_color_all=&#8221;#313e47&#8243; inline_fonts=&#8221;Verdana&#8221;]<\/p>\n<h1 style=\"text-align: center;\">INDIVIDUALNA PRIZNANJA<\/h1>\n<p>[\/et_pb_text][\/et_pb_column][\/et_pb_row][et_pb_row admin_label=&#8221;Quote Area&#8221; _builder_version=&#8221;4.2.2&#8243; width=&#8221;93%&#8221; module_alignment=&#8221;center&#8221; custom_padding=&#8221;|0px|||false|false&#8221; animation_style=&#8221;slide&#8221; animation_direction=&#8221;right&#8221; animation_duration=&#8221;1350ms&#8221; animation_intensity_slide=&#8221;2%&#8221;][et_pb_column type=&#8221;4_4&#8243; _builder_version=&#8221;4.2.2&#8243; custom_padding=&#8221;|||&#8221; custom_padding__hover=&#8221;|||&#8221;][et_pb_divider color=&#8221;#000000&#8243; divider_position=&#8221;center&#8221; divider_weight=&#8221;3px&#8221; _builder_version=&#8221;4.2.2&#8243; max_width=&#8221;70px&#8221; module_alignment=&#8221;center&#8221; custom_margin=&#8221;||4px|||&#8221; animation_style=&#8221;slide&#8221; animation_direction=&#8221;top&#8221; animation_intensity_slide=&#8221;10%&#8221; animation_starting_opacity=&#8221;100%&#8221;][\/et_pb_divider][et_pb_text _builder_version=&#8221;4.2.2&#8243; text_font=&#8221;Verdana||||||||&#8221; text_font_size=&#8221;18px&#8221; text_letter_spacing=&#8221;1px&#8221; text_line_height=&#8221;1.8em&#8221; header_font=&#8221;||||||||&#8221; text_orientation=&#8221;justified&#8221; max_width=&#8221;700px&#8221; module_alignment=&#8221;center&#8221; custom_margin=&#8221;|||&#8221; custom_padding=&#8221;21px|||0px|false|false&#8221; animation_style=&#8221;flip&#8221; animation_intensity_flip=&#8221;5%&#8221; animation_starting_opacity=&#8221;100%&#8221; border_color_all=&#8221;#313e47&#8243; inline_fonts=&#8221;Verdana&#8221;]<\/p>\n<p style=\"text-align: center;\"><img decoding=\"async\" src=\"https:\/\/www.andrejic.rs\/wp-content\/uploads\/2022\/07\/emea-next-generation-partner-2022.jpeg\" width=\"148\" height=\"214\" alt=\"\" class=\"wp-image-3175 alignnone size-full\" srcset=\"https:\/\/www.andrejic.rs\/wp-content\/uploads\/2022\/07\/emea-next-generation-partner-2022.jpeg 148w, https:\/\/www.andrejic.rs\/wp-content\/uploads\/2022\/07\/emea-next-generation-partner-2022-8x12.jpeg 8w\" sizes=\"(max-width: 148px) 100vw, 148px\" \/><\/p>\n<p><span lang=\"EN-US\">In addition to the team ranking, in 2022 The Legal 500 also recognized the Andreji\u0107 &amp; Partners\u2019 Managing Partner\u00a0<\/span><span lang=\"EN-US\"><a href=\"https:\/\/www.andrejic.rs\/sr\/aleksandar-andrejic\/\"><span>Aleksandar Andreji\u0107<\/span><\/a><\/span><span lang=\"EN-US\">\u00a0kao vode\u0107eg advokata i Partnera slede\u0107e generacije na srpskom tr\u017ei\u0161tu.<\/span><span lang=\"EN-US\"><o:p><\/o:p><\/span><\/p>\n<p style=\"text-align: justify;\">\n<p>[\/et_pb_text][\/et_pb_column][\/et_pb_row][\/et_pb_section]<\/p>","protected":false},"excerpt":{"rendered":"<p>[et_pb_section fb_built=&#8221;1&#8243; admin_label=&#8221;Page Title Section&#8221; _builder_version=&#8221;4.2.2&#8243; use_background_color_gradient=&#8221;on&#8221; background_color_gradient_start=&#8221;rgba(0,1,45,0.75)&#8221; background_color_gradient_end=&#8221;rgba(66,68,71,0)&#8221; background_color_gradient_end_position=&#8221;80%&#8221; background_color_gradient_overlays_image=&#8221;on&#8221; background_image=&#8221;https:\/\/www.andrejic.rs\/wp-content\/uploads\/2022\/07\/Logo-veliki-scaled.jpg&#8221; background_size=&#8221;contain&#8221; custom_padding=&#8221;120px||120px|&#8221; animation_style=&#8221;fade&#8221; animation_duration=&#8221;1200ms&#8221;][\/et_pb_section][et_pb_section fb_built=&#8221;1&#8243; admin_label=&#8221;Quote Section&#8221; _builder_version=&#8221;4.2.2&#8243; width=&#8221;100%&#8221; custom_margin=&#8221;||||false|false&#8221; custom_padding=&#8221;37px||65px||false|false&#8221; border_color_all=&#8221;rgba(0,0,0,0.42)&#8221; border_width_right=&#8221;0vw&#8221; locked=&#8221;off&#8221;][et_pb_row admin_label=&#8221;Quote Area&#8221; _builder_version=&#8221;4.2.2&#8243; width=&#8221;93%&#8221; module_alignment=&#8221;center&#8221; custom_padding=&#8221;|0px|||false|false&#8221; animation_direction=&#8221;left&#8221;][et_pb_column type=&#8221;4_4&#8243; _builder_version=&#8221;4.2.2&#8243; custom_padding=&#8221;|||&#8221; custom_padding__hover=&#8221;|||&#8221;][et_pb_text _builder_version=&#8221;4.2.2&#8243; text_font=&#8221;Verdana||||||||&#8221; text_font_size=&#8221;19px&#8221; text_letter_spacing=&#8221;1px&#8221; text_line_height=&#8221;1.8em&#8221; header_font=&#8221;||||||||&#8221; max_width=&#8221;700px&#8221; module_alignment=&#8221;center&#8221; custom_margin=&#8221;|||&#8221; custom_padding=&#8221;21px|||0px|false|false&#8221; animation_style=&#8221;slide&#8221; animation_direction=&#8221;left&#8221; animation_duration=&#8221;1550ms&#8221; animation_starting_opacity=&#8221;100%&#8221; border_color_all=&#8221;#313e47&#8243; inline_fonts=&#8221;Verdana&#8221;] Andreji\u0107 &amp; [&hellip;]<\/p>","protected":false},"author":1,"featured_media":0,"parent":0,"menu_order":0,"comment_status":"closed","ping_status":"closed","template":"","meta":{"_et_pb_use_builder":"on","_et_pb_old_content":"","_et_gb_content_width":""},"yoast_head":"<!-- This site is optimized with the Yoast SEO plugin v15.3 - https:\/\/yoast.com\/wordpress\/plugins\/seo\/ -->\n<title>Rankings - Andrejic &amp; Partners Law Office<\/title>\n<meta name=\"robots\" content=\"index, follow, max-snippet:-1, max-image-preview:large, max-video-preview:-1\" \/>\n<link rel=\"canonical\" href=\"https:\/\/www.andrejic.rs\/sr\/3167-2\/\" \/>\n<meta property=\"og:locale\" content=\"sr_RS\" \/>\n<meta property=\"og:type\" content=\"article\" \/>\n<meta property=\"og:title\" content=\"Rankings - Andrejic &amp; Partners Law Office\" \/>\n<meta property=\"og:description\" content=\"[et_pb_section fb_built=&#8221;1&#8243; admin_label=&#8221;Page Title Section&#8221; _builder_version=&#8221;4.2.2&#8243; use_background_color_gradient=&#8221;on&#8221; background_color_gradient_start=&#8221;rgba(0,1,45,0.75)&#8221; background_color_gradient_end=&#8221;rgba(66,68,71,0)&#8221; background_color_gradient_end_position=&#8221;80%&#8221; background_color_gradient_overlays_image=&#8221;on&#8221; background_image=&#8221;https:\/\/www.andrejic.rs\/wp-content\/uploads\/2022\/07\/Logo-veliki-scaled.jpg&#8221; background_size=&#8221;contain&#8221; custom_padding=&#8221;120px||120px|&#8221; animation_style=&#8221;fade&#8221; animation_duration=&#8221;1200ms&#8221;][\/et_pb_section][et_pb_section fb_built=&#8221;1&#8243; admin_label=&#8221;Quote Section&#8221; _builder_version=&#8221;4.2.2&#8243; width=&#8221;100%&#8221; custom_margin=&#8221;||||false|false&#8221; custom_padding=&#8221;37px||65px||false|false&#8221; border_color_all=&#8221;rgba(0,0,0,0.42)&#8221; border_width_right=&#8221;0vw&#8221; locked=&#8221;off&#8221;][et_pb_row admin_label=&#8221;Quote Area&#8221; _builder_version=&#8221;4.2.2&#8243; width=&#8221;93%&#8221; module_alignment=&#8221;center&#8221; custom_padding=&#8221;|0px|||false|false&#8221; animation_direction=&#8221;left&#8221;][et_pb_column type=&#8221;4_4&#8243; _builder_version=&#8221;4.2.2&#8243; custom_padding=&#8221;|||&#8221; custom_padding__hover=&#8221;|||&#8221;][et_pb_text _builder_version=&#8221;4.2.2&#8243; text_font=&#8221;Verdana||||||||&#8221; text_font_size=&#8221;19px&#8221; text_letter_spacing=&#8221;1px&#8221; text_line_height=&#8221;1.8em&#8221; header_font=&#8221;||||||||&#8221; max_width=&#8221;700px&#8221; module_alignment=&#8221;center&#8221; custom_margin=&#8221;|||&#8221; custom_padding=&#8221;21px|||0px|false|false&#8221; animation_style=&#8221;slide&#8221; animation_direction=&#8221;left&#8221; animation_duration=&#8221;1550ms&#8221; animation_starting_opacity=&#8221;100%&#8221; border_color_all=&#8221;#313e47&#8243; inline_fonts=&#8221;Verdana&#8221;] Andreji\u0107 &amp; [&hellip;]\" \/>\n<meta property=\"og:url\" content=\"https:\/\/www.andrejic.rs\/sr\/3167-2\/\" \/>\n<meta property=\"og:site_name\" content=\"Andrejic &amp; Partners Law Office\" \/>\n<meta property=\"article:modified_time\" content=\"2022-12-19T15:13:48+00:00\" \/>\n<meta property=\"og:image\" content=\"https:\/\/www.andrejic.rs\/wp-content\/uploads\/2022\/07\/emea-leading-firm-2022.jpeg\" \/>\n<meta name=\"twitter:card\" content=\"summary_large_image\" \/>\n<meta name=\"twitter:label1\" content=\"Written by\">\n\t<meta name=\"twitter:data1\" content=\"admin\">\n\t<meta name=\"twitter:label2\" content=\"Est. reading time\">\n\t<meta name=\"twitter:data2\" content=\"5 \u043c\u0438\u043d\u0443\u0442\u0430\">\n<script type=\"application\/ld+json\" class=\"yoast-schema-graph\">{\"@context\":\"https:\/\/schema.org\",\"@graph\":[{\"@type\":\"Organization\",\"@id\":\"https:\/\/www.andrejic.rs\/sr\/#organization\",\"name\":\"Andrejic & Partners Law Office\",\"url\":\"https:\/\/www.andrejic.rs\/sr\/\",\"sameAs\":[\"https:\/\/www.linkedin.com\/company\/andreji\\u0107-partners\"],\"logo\":{\"@type\":\"ImageObject\",\"@id\":\"https:\/\/www.andrejic.rs\/sr\/#logo\",\"inLanguage\":\"sr-RS\",\"url\":\"https:\/\/www.andrejic.rs\/wp-content\/uploads\/2020\/10\/logoCRNAP.png\",\"width\":312,\"height\":260,\"caption\":\"Andrejic & Partners Law Office\"},\"image\":{\"@id\":\"https:\/\/www.andrejic.rs\/sr\/#logo\"}},{\"@type\":\"WebSite\",\"@id\":\"https:\/\/www.andrejic.rs\/sr\/#website\",\"url\":\"https:\/\/www.andrejic.rs\/sr\/\",\"name\":\"Andrejic & Partners Law Office\",\"description\":\"An independent, full-service law firm based in Belgrade\",\"publisher\":{\"@id\":\"https:\/\/www.andrejic.rs\/sr\/#organization\"},\"potentialAction\":[{\"@type\":\"SearchAction\",\"target\":\"https:\/\/www.andrejic.rs\/sr\/?s={search_term_string}\",\"query-input\":\"required name=search_term_string\"}],\"inLanguage\":\"sr-RS\"},{\"@type\":\"ImageObject\",\"@id\":\"https:\/\/www.andrejic.rs\/sr\/3167-2\/#primaryimage\",\"inLanguage\":\"sr-RS\",\"url\":\"https:\/\/www.andrejic.rs\/wp-content\/uploads\/2022\/07\/emea-leading-firm-2022.jpeg\",\"width\":148,\"height\":214},{\"@type\":\"WebPage\",\"@id\":\"https:\/\/www.andrejic.rs\/sr\/3167-2\/#webpage\",\"url\":\"https:\/\/www.andrejic.rs\/sr\/3167-2\/\",\"name\":\"Rankings - Andrejic &amp; Partners Law Office\",\"isPartOf\":{\"@id\":\"https:\/\/www.andrejic.rs\/sr\/#website\"},\"primaryImageOfPage\":{\"@id\":\"https:\/\/www.andrejic.rs\/sr\/3167-2\/#primaryimage\"},\"datePublished\":\"2022-07-16T23:00:05+00:00\",\"dateModified\":\"2022-12-19T15:13:48+00:00\",\"inLanguage\":\"sr-RS\",\"potentialAction\":[{\"@type\":\"ReadAction\",\"target\":[\"https:\/\/www.andrejic.rs\/sr\/3167-2\/\"]}]}]}<\/script>\n<!-- \/ Yoast SEO plugin. -->","_links":{"self":[{"href":"https:\/\/www.andrejic.rs\/sr\/wp-json\/wp\/v2\/pages\/3167"}],"collection":[{"href":"https:\/\/www.andrejic.rs\/sr\/wp-json\/wp\/v2\/pages"}],"about":[{"href":"https:\/\/www.andrejic.rs\/sr\/wp-json\/wp\/v2\/types\/page"}],"author":[{"embeddable":true,"href":"https:\/\/www.andrejic.rs\/sr\/wp-json\/wp\/v2\/users\/1"}],"replies":[{"embeddable":true,"href":"https:\/\/www.andrejic.rs\/sr\/wp-json\/wp\/v2\/comments?post=3167"}],"version-history":[{"count":11,"href":"https:\/\/www.andrejic.rs\/sr\/wp-json\/wp\/v2\/pages\/3167\/revisions"}],"predecessor-version":[{"id":3237,"href":"https:\/\/www.andrejic.rs\/sr\/wp-json\/wp\/v2\/pages\/3167\/revisions\/3237"}],"wp:attachment":[{"href":"https:\/\/www.andrejic.rs\/sr\/wp-json\/wp\/v2\/media?parent=3167"}],"curies":[{"name":"wp","href":"https:\/\/api.w.org\/{rel}","templated":true}]}}