{"id":3051,"date":"2021-11-29T15:13:34","date_gmt":"2021-11-29T15:13:34","guid":{"rendered":"https:\/\/www.andrejic.rs\/?page_id=3051"},"modified":"2022-12-19T21:11:35","modified_gmt":"2022-12-19T21:11:35","slug":"marko-stojanovic","status":"publish","type":"page","link":"https:\/\/www.andrejic.rs\/sr\/marko-stojanovic\/","title":{"rendered":"Marko Stojanovic"},"content":{"rendered":"<p>[et_pb_section fb_built=&#8221;1&#8243; _builder_version=&#8221;4.2.2&#8243; locked=&#8221;off&#8221;][et_pb_row column_structure=&#8221;1_2,1_2&#8243; _builder_version=&#8221;4.2.2&#8243;][et_pb_column type=&#8221;1_2&#8243; _builder_version=&#8221;4.2.2&#8243;][et_pb_image src=&#8221;https:\/\/www.andrejic.rs\/wp-content\/uploads\/2022\/06\/Marko-Stojanovic-4.jpg&#8221; _builder_version=&#8221;4.2.2&#8243; animation_style=&#8221;slide&#8221; animation_direction=&#8221;left&#8221;][\/et_pb_image][\/et_pb_column][et_pb_column type=&#8221;1_2&#8243; _builder_version=&#8221;4.2.2&#8243;][et_pb_text _builder_version=&#8221;4.2.2&#8243; text_font=&#8221;Verdana||||||||&#8221; animation_style=&#8221;slide&#8221; animation_direction=&#8221;right&#8221; hover_enabled=&#8221;0&#8243;]<\/p>\n<h3 style=\"text-align: justify;\">MARKO STOJANOVIC<\/h3>\n<p style=\"text-align: justify;\"><strong>Advokatski pripravnik<\/strong><\/p>\n<p style=\"text-align: justify;\"><strong><a href=\"mailto:marko.stojanovic@andrejic.rs\">marko.stojanovic@andrejic.rs<\/a>\u00a0<\/strong><\/p>\n<p style=\"font-weight: 400;\">Marko je diplomirao na Pravnom fakultetu Univerziteta u Beogradu, a tokom studija je obavljao praksu u Narodnoj banci Srbije u Sektoru za kontrolu poslovanja banaka.<\/p>\n<p style=\"font-weight: 400;\">Specijalizovao se za bankarsko pravo i kompanijsko pravo.<\/p>\n<p style=\"font-weight: 400;\">Podr\u017eava posve\u0107ene napore radi re\u0161avanja sporova van suda, ali kada je parnica neizbe\u017ena, on ih zastupa profesionalno i revnosno.<\/p>\n<p style=\"font-weight: 400;\"><strong>Iskustvo<\/strong>:<\/p>\n<p style=\"font-weight: 400;\">Pored u\u010de\u0161\u0107a u brojnim bankarskim i komercijalnim sudskim sporovima, uspe\u0161no je asistirao klijentima u sporovima u vezi sa eksproprijacijom i radio na vi\u0161e slu\u010dajeva koji se odnose na optu\u017ebe za nepo\u0161tovanje covid-mera protiv preduzetnika i pravnih lica.<\/p>\n<p style=\"font-weight: 400;\">Tako\u0111e je u\u010destvovao u savetovanju Ambasade Brazila u Srbiji o ugovoru o zakupu sedi\u0161ta ambasade sa Diposom<\/p>\n<p style=\"font-weight: 400;\"><strong>Obrazovanje:<\/strong><\/p>\n<ul style=\"font-weight: 400;\">\n<li>Master pravnih nauka - Pravni fakultet Univerziteta u Beogradu<\/li>\n<li>The Legum Baccalaureus (LL.B.) - Pravni fakultet Univerziteta u Beogradu<\/li>\n<\/ul>\n<p style=\"font-weight: 400;\"><strong>Jezici:<\/strong><\/p>\n<ul style=\"font-weight: 400;\">\n<li>engleski<\/li>\n<li>srpski<\/li>\n<\/ul>\n<ul><\/ul>\n<p>[\/et_pb_text][\/et_pb_column][\/et_pb_row][\/et_pb_section]<\/p>","protected":false},"excerpt":{"rendered":"<p>[et_pb_section fb_built=&#8221;1&#8243; _builder_version=&#8221;4.2.2&#8243; locked=&#8221;off&#8221;][et_pb_row column_structure=&#8221;1_2,1_2&#8243; _builder_version=&#8221;4.2.2&#8243;][et_pb_column type=&#8221;1_2&#8243; _builder_version=&#8221;4.2.2&#8243;][et_pb_image src=&#8221;https:\/\/www.andrejic.rs\/wp-content\/uploads\/2022\/06\/Marko-Stojanovic-4.jpg&#8221; _builder_version=&#8221;4.2.2&#8243; animation_style=&#8221;slide&#8221; animation_direction=&#8221;left&#8221;][\/et_pb_image][\/et_pb_column][et_pb_column type=&#8221;1_2&#8243; _builder_version=&#8221;4.2.2&#8243;][et_pb_text _builder_version=&#8221;4.2.2&#8243; text_font=&#8221;Verdana||||||||&#8221; animation_style=&#8221;slide&#8221; animation_direction=&#8221;right&#8221; hover_enabled=&#8221;0&#8243;] MARKO STOJANOVIC Attorney Trainee marko.stojanovic@andrejic.rs\u00a0 Marko graduated from the Faculty of Law at Belgrade University, and during his studies he completed an internship at the National Bank of Serbia in the Sector for the Control of [&hellip;]<\/p>","protected":false},"author":1,"featured_media":0,"parent":0,"menu_order":0,"comment_status":"closed","ping_status":"closed","template":"","meta":{"_et_pb_use_builder":"on","_et_pb_old_content":"","_et_gb_content_width":""},"yoast_head":"<!-- This site is optimized with the Yoast SEO plugin v15.3 - https:\/\/yoast.com\/wordpress\/plugins\/seo\/ -->\n<title>Marko Stojanovic - Andrejic &amp; Partners Law Office<\/title>\n<meta name=\"robots\" content=\"index, follow, max-snippet:-1, max-image-preview:large, max-video-preview:-1\" \/>\n<link rel=\"canonical\" href=\"https:\/\/www.andrejic.rs\/sr\/marko-stojanovic\/\" \/>\n<meta property=\"og:locale\" content=\"sr_RS\" \/>\n<meta property=\"og:type\" content=\"article\" \/>\n<meta property=\"og:title\" content=\"Marko Stojanovic - Andrejic &amp; Partners Law Office\" \/>\n<meta property=\"og:description\" content=\"[et_pb_section fb_built=&#8221;1&#8243; _builder_version=&#8221;4.2.2&#8243; locked=&#8221;off&#8221;][et_pb_row column_structure=&#8221;1_2,1_2&#8243; _builder_version=&#8221;4.2.2&#8243;][et_pb_column type=&#8221;1_2&#8243; _builder_version=&#8221;4.2.2&#8243;][et_pb_image src=&#8221;https:\/\/www.andrejic.rs\/wp-content\/uploads\/2022\/06\/Marko-Stojanovic-4.jpg&#8221; _builder_version=&#8221;4.2.2&#8243; animation_style=&#8221;slide&#8221; animation_direction=&#8221;left&#8221;][\/et_pb_image][\/et_pb_column][et_pb_column type=&#8221;1_2&#8243; _builder_version=&#8221;4.2.2&#8243;][et_pb_text _builder_version=&#8221;4.2.2&#8243; text_font=&#8221;Verdana||||||||&#8221; animation_style=&#8221;slide&#8221; animation_direction=&#8221;right&#8221; hover_enabled=&#8221;0&#8243;] MARKO STOJANOVIC Attorney Trainee marko.stojanovic@andrejic.rs\u00a0 Marko graduated from the Faculty of Law at Belgrade University, and during his studies he completed an internship at the National Bank of Serbia in the Sector for the Control of [&hellip;]\" \/>\n<meta property=\"og:url\" content=\"https:\/\/www.andrejic.rs\/sr\/marko-stojanovic\/\" \/>\n<meta property=\"og:site_name\" content=\"Andrejic &amp; Partners Law Office\" \/>\n<meta property=\"article:modified_time\" content=\"2022-12-19T21:11:35+00:00\" \/>\n<meta name=\"twitter:card\" content=\"summary_large_image\" \/>\n<meta name=\"twitter:label1\" content=\"Written by\">\n\t<meta name=\"twitter:data1\" content=\"admin\">\n\t<meta name=\"twitter:label2\" content=\"Est. reading time\">\n\t<meta name=\"twitter:data2\" content=\"1 \u043c\u0438\u043d\u0443\u0442\">\n<script type=\"application\/ld+json\" class=\"yoast-schema-graph\">{\"@context\":\"https:\/\/schema.org\",\"@graph\":[{\"@type\":\"Organization\",\"@id\":\"https:\/\/www.andrejic.rs\/sr\/#organization\",\"name\":\"Andrejic & Partners Law Office\",\"url\":\"https:\/\/www.andrejic.rs\/sr\/\",\"sameAs\":[\"https:\/\/www.linkedin.com\/company\/andreji\\u0107-partners\"],\"logo\":{\"@type\":\"ImageObject\",\"@id\":\"https:\/\/www.andrejic.rs\/sr\/#logo\",\"inLanguage\":\"sr-RS\",\"url\":\"https:\/\/www.andrejic.rs\/wp-content\/uploads\/2020\/10\/logoCRNAP.png\",\"width\":312,\"height\":260,\"caption\":\"Andrejic & Partners Law Office\"},\"image\":{\"@id\":\"https:\/\/www.andrejic.rs\/sr\/#logo\"}},{\"@type\":\"WebSite\",\"@id\":\"https:\/\/www.andrejic.rs\/sr\/#website\",\"url\":\"https:\/\/www.andrejic.rs\/sr\/\",\"name\":\"Andrejic & Partners Law Office\",\"description\":\"An independent, full-service law firm based in Belgrade\",\"publisher\":{\"@id\":\"https:\/\/www.andrejic.rs\/sr\/#organization\"},\"potentialAction\":[{\"@type\":\"SearchAction\",\"target\":\"https:\/\/www.andrejic.rs\/sr\/?s={search_term_string}\",\"query-input\":\"required name=search_term_string\"}],\"inLanguage\":\"sr-RS\"},{\"@type\":\"WebPage\",\"@id\":\"https:\/\/www.andrejic.rs\/sr\/marko-stojanovic\/#webpage\",\"url\":\"https:\/\/www.andrejic.rs\/sr\/marko-stojanovic\/\",\"name\":\"Marko Stojanovic - Andrejic &amp; Partners Law Office\",\"isPartOf\":{\"@id\":\"https:\/\/www.andrejic.rs\/sr\/#website\"},\"datePublished\":\"2021-11-29T15:13:34+00:00\",\"dateModified\":\"2022-12-19T21:11:35+00:00\",\"inLanguage\":\"sr-RS\",\"potentialAction\":[{\"@type\":\"ReadAction\",\"target\":[\"https:\/\/www.andrejic.rs\/sr\/marko-stojanovic\/\"]}]}]}<\/script>\n<!-- \/ Yoast SEO plugin. -->","_links":{"self":[{"href":"https:\/\/www.andrejic.rs\/sr\/wp-json\/wp\/v2\/pages\/3051"}],"collection":[{"href":"https:\/\/www.andrejic.rs\/sr\/wp-json\/wp\/v2\/pages"}],"about":[{"href":"https:\/\/www.andrejic.rs\/sr\/wp-json\/wp\/v2\/types\/page"}],"author":[{"embeddable":true,"href":"https:\/\/www.andrejic.rs\/sr\/wp-json\/wp\/v2\/users\/1"}],"replies":[{"embeddable":true,"href":"https:\/\/www.andrejic.rs\/sr\/wp-json\/wp\/v2\/comments?post=3051"}],"version-history":[{"count":5,"href":"https:\/\/www.andrejic.rs\/sr\/wp-json\/wp\/v2\/pages\/3051\/revisions"}],"predecessor-version":[{"id":3265,"href":"https:\/\/www.andrejic.rs\/sr\/wp-json\/wp\/v2\/pages\/3051\/revisions\/3265"}],"wp:attachment":[{"href":"https:\/\/www.andrejic.rs\/sr\/wp-json\/wp\/v2\/media?parent=3051"}],"curies":[{"name":"wp","href":"https:\/\/api.w.org\/{rel}","templated":true}]}}