{"id":2404,"date":"2020-11-28T23:20:05","date_gmt":"2020-11-28T23:20:05","guid":{"rendered":"http:\/\/www.andrejic.rs\/?page_id=2404"},"modified":"2022-12-19T15:33:25","modified_gmt":"2022-12-19T15:33:25","slug":"insolvency-restructuring","status":"publish","type":"page","link":"https:\/\/www.andrejic.rs\/sr\/insolvency-restructuring\/","title":{"rendered":"Insolvency &#038; Restructuring"},"content":{"rendered":"<p>[et_pb_section fb_built=&#8221;1&#8243; _builder_version=&#8221;4.2.2&#8243; locked=&#8221;off&#8221;][et_pb_row column_structure=&#8221;2_3,1_3&#8243; _builder_version=&#8221;4.2.2&#8243;][et_pb_column type=&#8221;2_3&#8243; _builder_version=&#8221;4.2.2&#8243;][et_pb_text _builder_version=&#8221;4.2.2&#8243; text_font=&#8221;Verdana||||||||&#8221; animation_style=&#8221;slide&#8221; animation_direction=&#8221;left&#8221; animation_duration=&#8221;1350ms&#8221; hover_enabled=&#8221;0&#8243;]<\/p>\n<h4 style=\"text-align: justify;\"><strong>\u0410\u0414\u0412\u041e\u041a\u0410\u0422\u0421\u041a\u0410 \u041a\u0410\u041d\u0426\u0415\u041b\u0410\u0420\u0418\u0408\u0410 \u0410\u041d\u0414\u0420\u0415\u0408\u0418\u040b: \u0421\u0422\u0415\u0427\u0410\u0408 \u0418 \u0420\u0415\u041e\u0420\u0413\u0410\u041d\u0418\u0417\u0410\u0426\u0418\u0408\u0410<\/strong><\/h4>\n<p><strong><\/strong><\/p>\n<p style=\"text-align: justify;\"><span lang=\"EN-US\">Imamo veliko iskustvo u postupcima reorganizacije i ste\u010daja, a na\u0161 tim pru\u017ea savete koji poma\u017eu klijentima da se uspe\u0161no snalaze kroz slo\u017eeno restrukturiranje i lo\u0161e finansijske situacije.<o:p><\/o:p><\/span><\/p>\n<p style=\"text-align: justify;\"><span lang=\"EN-US\">Zastupamo doma\u0107e i strane du\u017enike, me\u0111unarodne organizacije i poverioce u \u0161irokom spektru industrija. Stru\u010dnost na\u0161eg tima uklju\u010duje savetovanje o raznim pitanjima u vezi sa korporativnim restrukturiranjem, poslovima, dobrovoljnom likvidacijom, pitanjima ste\u010daja i postupcima, kao i brisanja kompanija.<o:p><\/o:p><\/span><\/p>\n<p style=\"text-align: justify;\"><span lang=\"EN-US\">Na\u0161 tim ima bogato iskustvo i u\u010destvovao je kao pravni zastupnik u velikim i najzna\u010dajnijim ste\u010dajevima, unapred pripremljenim i vansudskim slu\u010dajevima reorganizacija na tr\u017ei\u0161tu. Iskustvo ste\u010deno u ovim postupcima omogu\u0107ava nam pru\u017eanje prakti\u010dnih i va\u017enih saveta na\u0161im klijentima.<o:p><\/o:p><\/span><\/p>\n<p style=\"text-align: justify;\">Izme\u0111u ostalih va\u017enih stvari, \u010dlanovi na\u0161eg tima pomogli su klijentima da povrate potra\u017eivanje od 90 miliona evra kroz ste\u010dajni postupak i jo\u0161 50 miliona evra vansudskim postupkom restrukturiranja.<\/p>\n<p style=\"text-align: justify;\">\n[\/et_pb_text][\/et_pb_column][et_pb_column type=&#8221;1_3&#8243; _builder_version=&#8221;4.2.2&#8243;][et_pb_text _builder_version=&#8221;4.2.2&#8243; animation_style=&#8221;slide&#8221; animation_direction=&#8221;right&#8221; animation_duration=&#8221;1350ms&#8221;]<\/p>\n<p style=\"text-align: center;\"><strong>KLJU\u010cNI KONTAKT:<\/strong><\/p>\n<p><strong><\/strong><\/p>\n<p><strong><\/strong><\/p>\n<p>[\/et_pb_text][et_pb_team_member name=&#8221;Aleksandar Andrejic&#8221; position=&#8221;Attorney at Law&#8221; image_url=&#8221;http:\/\/www.andrejic.rs\/wp-content\/uploads\/2020\/11\/andrejic_mala.jpg&#8221; facebook_url=&#8221;#&#8221; twitter_url=&#8221;#&#8221; linkedin_url=&#8221;#&#8221; icon_color=&#8221;#747d88&#8243; image_url_last_edited=&#8221;off|desktop&#8221; _builder_version=&#8221;4.2.2&#8243; _dynamic_attributes=&#8221;link_option_url&#8221; header_font=&#8221;Roboto Slab||||||||&#8221; header_text_align=&#8221;center&#8221; header_line_height=&#8221;1.5em&#8221; body_font=&#8221;||||||||&#8221; body_text_align=&#8221;center&#8221; animation_style=&#8221;slide&#8221; animation_direction=&#8221;right&#8221; animation_duration=&#8221;1350ms&#8221; link_option_url=&#8221;@ET-DC@eyJkeW5hbWljIjp0cnVlLCJjb250ZW50IjoicG9zdF9saW5rX3VybF9wYWdlIiwic2V0dGluZ3MiOnsicG9zdF9pZCI6IjIyODMifX0=@&#8221; locked=&#8221;off&#8221; image_url__hover_enabled=&#8221;off|desktop&#8221;][\/et_pb_team_member][\/et_pb_column][\/et_pb_row][\/et_pb_section]<\/p>","protected":false},"excerpt":{"rendered":"<p>[et_pb_section fb_built=&#8221;1&#8243; _builder_version=&#8221;4.2.2&#8243; locked=&#8221;off&#8221;][et_pb_row column_structure=&#8221;2_3,1_3&#8243; _builder_version=&#8221;4.2.2&#8243;][et_pb_column type=&#8221;2_3&#8243; _builder_version=&#8221;4.2.2&#8243;][et_pb_text _builder_version=&#8221;4.2.2&#8243; text_font=&#8221;Verdana||||||||&#8221; animation_style=&#8221;slide&#8221; animation_direction=&#8221;left&#8221; animation_duration=&#8221;1350ms&#8221; hover_enabled=&#8221;0&#8243;] ANDREJIC &amp; PARTNERS: INSOLVENCY &amp; RESTRUCTURING We have significant experience in restructuring and insolvency matters and our team is well-positioned to help clients navigate through complex restructuring and financial-distress situations. We represent domestic and foreign debtors, international organizations, and creditors from [&hellip;]<\/p>","protected":false},"author":1,"featured_media":0,"parent":0,"menu_order":0,"comment_status":"closed","ping_status":"closed","template":"","meta":{"_et_pb_use_builder":"on","_et_pb_old_content":"","_et_gb_content_width":""},"yoast_head":"<!-- This site is optimized with the Yoast SEO plugin v15.3 - https:\/\/yoast.com\/wordpress\/plugins\/seo\/ -->\n<title>Insolvency &amp; Restructuring - Andrejic &amp; Partners Law Office<\/title>\n<meta name=\"robots\" content=\"index, follow, max-snippet:-1, max-image-preview:large, max-video-preview:-1\" \/>\n<link rel=\"canonical\" href=\"https:\/\/www.andrejic.rs\/sr\/insolvency-restructuring\/\" \/>\n<meta property=\"og:locale\" content=\"sr_RS\" \/>\n<meta property=\"og:type\" content=\"article\" \/>\n<meta property=\"og:title\" content=\"Insolvency &amp; Restructuring - Andrejic &amp; Partners Law Office\" \/>\n<meta property=\"og:description\" content=\"[et_pb_section fb_built=&#8221;1&#8243; _builder_version=&#8221;4.2.2&#8243; locked=&#8221;off&#8221;][et_pb_row column_structure=&#8221;2_3,1_3&#8243; _builder_version=&#8221;4.2.2&#8243;][et_pb_column type=&#8221;2_3&#8243; _builder_version=&#8221;4.2.2&#8243;][et_pb_text _builder_version=&#8221;4.2.2&#8243; text_font=&#8221;Verdana||||||||&#8221; animation_style=&#8221;slide&#8221; animation_direction=&#8221;left&#8221; animation_duration=&#8221;1350ms&#8221; hover_enabled=&#8221;0&#8243;] ANDREJIC &amp; PARTNERS: INSOLVENCY &amp; RESTRUCTURING We have significant experience in restructuring and insolvency matters and our team is well-positioned to help clients navigate through complex restructuring and financial-distress situations. We represent domestic and foreign debtors, international organizations, and creditors from [&hellip;]\" \/>\n<meta property=\"og:url\" content=\"https:\/\/www.andrejic.rs\/sr\/insolvency-restructuring\/\" \/>\n<meta property=\"og:site_name\" content=\"Andrejic &amp; Partners Law Office\" \/>\n<meta property=\"article:modified_time\" content=\"2022-12-19T15:33:25+00:00\" \/>\n<meta name=\"twitter:card\" content=\"summary_large_image\" \/>\n<meta name=\"twitter:label1\" content=\"Written by\">\n\t<meta name=\"twitter:data1\" content=\"admin\">\n\t<meta name=\"twitter:label2\" content=\"Est. reading time\">\n\t<meta name=\"twitter:data2\" content=\"1 \u043c\u0438\u043d\u0443\u0442\">\n<script type=\"application\/ld+json\" class=\"yoast-schema-graph\">{\"@context\":\"https:\/\/schema.org\",\"@graph\":[{\"@type\":\"Organization\",\"@id\":\"https:\/\/www.andrejic.rs\/sr\/#organization\",\"name\":\"Andrejic & Partners Law Office\",\"url\":\"https:\/\/www.andrejic.rs\/sr\/\",\"sameAs\":[\"https:\/\/www.linkedin.com\/company\/andreji\\u0107-partners\"],\"logo\":{\"@type\":\"ImageObject\",\"@id\":\"https:\/\/www.andrejic.rs\/sr\/#logo\",\"inLanguage\":\"sr-RS\",\"url\":\"https:\/\/www.andrejic.rs\/wp-content\/uploads\/2020\/10\/logoCRNAP.png\",\"width\":312,\"height\":260,\"caption\":\"Andrejic & Partners Law Office\"},\"image\":{\"@id\":\"https:\/\/www.andrejic.rs\/sr\/#logo\"}},{\"@type\":\"WebSite\",\"@id\":\"https:\/\/www.andrejic.rs\/sr\/#website\",\"url\":\"https:\/\/www.andrejic.rs\/sr\/\",\"name\":\"Andrejic & Partners Law Office\",\"description\":\"An independent, full-service law firm based in Belgrade\",\"publisher\":{\"@id\":\"https:\/\/www.andrejic.rs\/sr\/#organization\"},\"potentialAction\":[{\"@type\":\"SearchAction\",\"target\":\"https:\/\/www.andrejic.rs\/sr\/?s={search_term_string}\",\"query-input\":\"required name=search_term_string\"}],\"inLanguage\":\"sr-RS\"},{\"@type\":\"WebPage\",\"@id\":\"https:\/\/www.andrejic.rs\/sr\/insolvency-restructuring\/#webpage\",\"url\":\"https:\/\/www.andrejic.rs\/sr\/insolvency-restructuring\/\",\"name\":\"Insolvency & Restructuring - Andrejic &amp; Partners Law Office\",\"isPartOf\":{\"@id\":\"https:\/\/www.andrejic.rs\/sr\/#website\"},\"datePublished\":\"2020-11-28T23:20:05+00:00\",\"dateModified\":\"2022-12-19T15:33:25+00:00\",\"inLanguage\":\"sr-RS\",\"potentialAction\":[{\"@type\":\"ReadAction\",\"target\":[\"https:\/\/www.andrejic.rs\/sr\/insolvency-restructuring\/\"]}]}]}<\/script>\n<!-- \/ Yoast SEO plugin. -->","_links":{"self":[{"href":"https:\/\/www.andrejic.rs\/sr\/wp-json\/wp\/v2\/pages\/2404"}],"collection":[{"href":"https:\/\/www.andrejic.rs\/sr\/wp-json\/wp\/v2\/pages"}],"about":[{"href":"https:\/\/www.andrejic.rs\/sr\/wp-json\/wp\/v2\/types\/page"}],"author":[{"embeddable":true,"href":"https:\/\/www.andrejic.rs\/sr\/wp-json\/wp\/v2\/users\/1"}],"replies":[{"embeddable":true,"href":"https:\/\/www.andrejic.rs\/sr\/wp-json\/wp\/v2\/comments?post=2404"}],"version-history":[{"count":8,"href":"https:\/\/www.andrejic.rs\/sr\/wp-json\/wp\/v2\/pages\/2404\/revisions"}],"predecessor-version":[{"id":3249,"href":"https:\/\/www.andrejic.rs\/sr\/wp-json\/wp\/v2\/pages\/2404\/revisions\/3249"}],"wp:attachment":[{"href":"https:\/\/www.andrejic.rs\/sr\/wp-json\/wp\/v2\/media?parent=2404"}],"curies":[{"name":"wp","href":"https:\/\/api.w.org\/{rel}","templated":true}]}}