{"id":2399,"date":"2020-11-28T23:15:57","date_gmt":"2020-11-28T23:15:57","guid":{"rendered":"http:\/\/www.andrejic.rs\/?page_id=2399"},"modified":"2022-12-19T15:31:27","modified_gmt":"2022-12-19T15:31:27","slug":"employment-immigration","status":"publish","type":"page","link":"https:\/\/www.andrejic.rs\/sr\/employment-immigration\/","title":{"rendered":"Employment &#038; Immigration"},"content":{"rendered":"<p>[et_pb_section fb_built=&#8221;1&#8243; _builder_version=&#8221;4.2.2&#8243; locked=&#8221;off&#8221;][et_pb_row column_structure=&#8221;2_3,1_3&#8243; _builder_version=&#8221;4.2.2&#8243;][et_pb_column type=&#8221;2_3&#8243; _builder_version=&#8221;4.2.2&#8243;][et_pb_text _builder_version=&#8221;4.2.2&#8243; text_font=&#8221;Verdana||||||||&#8221; animation_style=&#8221;slide&#8221; animation_direction=&#8221;left&#8221; animation_duration=&#8221;1350ms&#8221; hover_enabled=&#8221;0&#8243;]<\/p>\n<h4 style=\"text-align: justify;\"><b>\u0410\u0414\u0412\u041e\u041a\u0410\u0422\u0421\u041a\u0410 \u041a\u0410\u041d\u0426\u0415\u041b\u0410\u0420\u0418\u0408\u0410 \u0410\u041d\u0414\u0420\u0415\u0408\u0418\u040b: \u0420\u0410\u0414\u041d\u041e \u041f\u0420\u0410\u0412\u041e<\/b><\/h4>\n<p style=\"text-align: justify;\"><span lang=\"EN-US\"><\/span><\/p>\n<p style=\"text-align: justify;\"><span lang=\"EN-US\">Svojim klijentima asistiramo u svim aspektima vezanim za zapo\u0161ljavanje, od regrutovanja do penzionisanja, uklju\u010duju\u0107i i pitanja zapo\u0161ljavanja i boravka stranih dr\u017eavljana.<o:p><\/o:p><\/span><\/p>\n<p style=\"text-align: justify;\"><span lang=\"EN-US\">Na\u0161 tim se trudi da u skladu sa potrebama na\u0161ih klijenata pru\u017ea savete iz oblasti radnog prava. Kao rezultat toga, ideje i planove klijenata pretvaramo u praksu. Usredsre\u0111eni smo na pru\u017eanje saveta koji klijentu donose korist u ovoj osetljivoj pravnoj oblasti. Uskla\u0111enost sa svim regulatornim zahtevima od su\u0161tinske je va\u017enosti za svakog klijenta i spremni smo da ga vodimo kroz \u010ditav proces.<o:p><\/o:p><\/span><\/p>\n<p style=\"text-align: justify;\">Sistematizacija, otkazi i druge delikatne pojave u radnom okru\u017eenju uklju\u010dene su u prakti\u010dnim i efikasnim savetima koje pru\u017eamo na\u0161im klijentima. U slu\u010daju da se parnice ne mogu izbe\u0107i, na\u0161 tim je ve\u0161t i spreman da pru\u017ei najbolju dostupnu podr\u0161ku.<\/p>\n<p>[\/et_pb_text][\/et_pb_column][et_pb_column type=&#8221;1_3&#8243; _builder_version=&#8221;4.2.2&#8243;][et_pb_text _builder_version=&#8221;4.2.2&#8243; animation_style=&#8221;slide&#8221; animation_direction=&#8221;right&#8221; animation_duration=&#8221;1350ms&#8221;]<\/p>\n<p style=\"text-align: center;\"><strong>KLJU\u010cNI KONTAKT:<\/strong><\/p>\n<p>[\/et_pb_text][et_pb_team_member name=&#8221;Mirjana Mladenovic Paripovic&#8221; position=&#8221;Attorney at Law&#8221; image_url=&#8221;https:\/\/www.andrejic.rs\/wp-content\/uploads\/2020\/11\/Mladenovic-mala.jpg&#8221; facebook_url=&#8221;#&#8221; twitter_url=&#8221;#&#8221; linkedin_url=&#8221;https:\/\/www.linkedin.com\/in\/mirjana-mladenovic-aa635764\/&#8221; icon_color=&#8221;#747d88&#8243; image_url_last_edited=&#8221;off|desktop&#8221; _builder_version=&#8221;4.2.2&#8243; _dynamic_attributes=&#8221;link_option_url&#8221; header_font=&#8221;Roboto Slab||||||||&#8221; header_text_align=&#8221;center&#8221; header_line_height=&#8221;1.5em&#8221; body_font=&#8221;||||||||&#8221; body_text_align=&#8221;center&#8221; animation_style=&#8221;slide&#8221; animation_direction=&#8221;right&#8221; animation_duration=&#8221;1350ms&#8221; link_option_url=&#8221;@ET-DC@eyJkeW5hbWljIjp0cnVlLCJjb250ZW50IjoicG9zdF9saW5rX3VybF9wYWdlIiwic2V0dGluZ3MiOnsicG9zdF9pZCI6IjIzMjYifX0=@&#8221; locked=&#8221;off&#8221; image_url__hover_enabled=&#8221;off|desktop&#8221;][\/et_pb_team_member][\/et_pb_column][\/et_pb_row][\/et_pb_section]<\/p>","protected":false},"excerpt":{"rendered":"<p>[et_pb_section fb_built=&#8221;1&#8243; _builder_version=&#8221;4.2.2&#8243; locked=&#8221;off&#8221;][et_pb_row column_structure=&#8221;2_3,1_3&#8243; _builder_version=&#8221;4.2.2&#8243;][et_pb_column type=&#8221;2_3&#8243; _builder_version=&#8221;4.2.2&#8243;][et_pb_text _builder_version=&#8221;4.2.2&#8243; text_font=&#8221;Verdana||||||||&#8221; animation_style=&#8221;slide&#8221; animation_direction=&#8221;left&#8221; animation_duration=&#8221;1350ms&#8221; hover_enabled=&#8221;0&#8243;] ANDREJIC &amp; PARTNERS: EMPLOYMENT &amp; IMMIGRATION We advise our clients on all employment-related matters, from recruitment to retirement, and including cross-border human resources and immigration issues. Our team understands provides client-centric advice on labor issues, allowing our clients to convert ideas [&hellip;]<\/p>","protected":false},"author":1,"featured_media":0,"parent":0,"menu_order":0,"comment_status":"closed","ping_status":"closed","template":"","meta":{"_et_pb_use_builder":"on","_et_pb_old_content":"","_et_gb_content_width":""},"yoast_head":"<!-- This site is optimized with the Yoast SEO plugin v15.3 - https:\/\/yoast.com\/wordpress\/plugins\/seo\/ -->\n<title>Employment &amp; Immigration - Andrejic &amp; Partners Law Office<\/title>\n<meta name=\"robots\" content=\"index, follow, max-snippet:-1, max-image-preview:large, max-video-preview:-1\" \/>\n<link rel=\"canonical\" href=\"https:\/\/www.andrejic.rs\/sr\/employment-immigration\/\" \/>\n<meta property=\"og:locale\" content=\"sr_RS\" \/>\n<meta property=\"og:type\" content=\"article\" \/>\n<meta property=\"og:title\" content=\"Employment &amp; Immigration - Andrejic &amp; Partners Law Office\" \/>\n<meta property=\"og:description\" content=\"[et_pb_section fb_built=&#8221;1&#8243; _builder_version=&#8221;4.2.2&#8243; locked=&#8221;off&#8221;][et_pb_row column_structure=&#8221;2_3,1_3&#8243; _builder_version=&#8221;4.2.2&#8243;][et_pb_column type=&#8221;2_3&#8243; _builder_version=&#8221;4.2.2&#8243;][et_pb_text _builder_version=&#8221;4.2.2&#8243; text_font=&#8221;Verdana||||||||&#8221; animation_style=&#8221;slide&#8221; animation_direction=&#8221;left&#8221; animation_duration=&#8221;1350ms&#8221; hover_enabled=&#8221;0&#8243;] ANDREJIC &amp; PARTNERS: EMPLOYMENT &amp; IMMIGRATION We advise our clients on all employment-related matters, from recruitment to retirement, and including cross-border human resources and immigration issues. Our team understands provides client-centric advice on labor issues, allowing our clients to convert ideas [&hellip;]\" \/>\n<meta property=\"og:url\" content=\"https:\/\/www.andrejic.rs\/sr\/employment-immigration\/\" \/>\n<meta property=\"og:site_name\" content=\"Andrejic &amp; Partners Law Office\" \/>\n<meta property=\"article:modified_time\" content=\"2022-12-19T15:31:27+00:00\" \/>\n<meta name=\"twitter:card\" content=\"summary_large_image\" \/>\n<meta name=\"twitter:label1\" content=\"Written by\">\n\t<meta name=\"twitter:data1\" content=\"admin\">\n\t<meta name=\"twitter:label2\" content=\"Est. reading time\">\n\t<meta name=\"twitter:data2\" content=\"1 \u043c\u0438\u043d\u0443\u0442\">\n<script type=\"application\/ld+json\" class=\"yoast-schema-graph\">{\"@context\":\"https:\/\/schema.org\",\"@graph\":[{\"@type\":\"Organization\",\"@id\":\"https:\/\/www.andrejic.rs\/sr\/#organization\",\"name\":\"Andrejic & Partners Law Office\",\"url\":\"https:\/\/www.andrejic.rs\/sr\/\",\"sameAs\":[\"https:\/\/www.linkedin.com\/company\/andreji\\u0107-partners\"],\"logo\":{\"@type\":\"ImageObject\",\"@id\":\"https:\/\/www.andrejic.rs\/sr\/#logo\",\"inLanguage\":\"sr-RS\",\"url\":\"https:\/\/www.andrejic.rs\/wp-content\/uploads\/2020\/10\/logoCRNAP.png\",\"width\":312,\"height\":260,\"caption\":\"Andrejic & Partners Law Office\"},\"image\":{\"@id\":\"https:\/\/www.andrejic.rs\/sr\/#logo\"}},{\"@type\":\"WebSite\",\"@id\":\"https:\/\/www.andrejic.rs\/sr\/#website\",\"url\":\"https:\/\/www.andrejic.rs\/sr\/\",\"name\":\"Andrejic & Partners Law Office\",\"description\":\"An independent, full-service law firm based in Belgrade\",\"publisher\":{\"@id\":\"https:\/\/www.andrejic.rs\/sr\/#organization\"},\"potentialAction\":[{\"@type\":\"SearchAction\",\"target\":\"https:\/\/www.andrejic.rs\/sr\/?s={search_term_string}\",\"query-input\":\"required name=search_term_string\"}],\"inLanguage\":\"sr-RS\"},{\"@type\":\"WebPage\",\"@id\":\"https:\/\/www.andrejic.rs\/sr\/employment-immigration\/#webpage\",\"url\":\"https:\/\/www.andrejic.rs\/sr\/employment-immigration\/\",\"name\":\"Employment & Immigration - Andrejic &amp; Partners Law Office\",\"isPartOf\":{\"@id\":\"https:\/\/www.andrejic.rs\/sr\/#website\"},\"datePublished\":\"2020-11-28T23:15:57+00:00\",\"dateModified\":\"2022-12-19T15:31:27+00:00\",\"inLanguage\":\"sr-RS\",\"potentialAction\":[{\"@type\":\"ReadAction\",\"target\":[\"https:\/\/www.andrejic.rs\/sr\/employment-immigration\/\"]}]}]}<\/script>\n<!-- \/ Yoast SEO plugin. -->","_links":{"self":[{"href":"https:\/\/www.andrejic.rs\/sr\/wp-json\/wp\/v2\/pages\/2399"}],"collection":[{"href":"https:\/\/www.andrejic.rs\/sr\/wp-json\/wp\/v2\/pages"}],"about":[{"href":"https:\/\/www.andrejic.rs\/sr\/wp-json\/wp\/v2\/types\/page"}],"author":[{"embeddable":true,"href":"https:\/\/www.andrejic.rs\/sr\/wp-json\/wp\/v2\/users\/1"}],"replies":[{"embeddable":true,"href":"https:\/\/www.andrejic.rs\/sr\/wp-json\/wp\/v2\/comments?post=2399"}],"version-history":[{"count":11,"href":"https:\/\/www.andrejic.rs\/sr\/wp-json\/wp\/v2\/pages\/2399\/revisions"}],"predecessor-version":[{"id":3248,"href":"https:\/\/www.andrejic.rs\/sr\/wp-json\/wp\/v2\/pages\/2399\/revisions\/3248"}],"wp:attachment":[{"href":"https:\/\/www.andrejic.rs\/sr\/wp-json\/wp\/v2\/media?parent=2399"}],"curies":[{"name":"wp","href":"https:\/\/api.w.org\/{rel}","templated":true}]}}