{"id":2249,"date":"2020-10-12T21:05:12","date_gmt":"2020-10-12T21:05:12","guid":{"rendered":"http:\/\/www.andrejic.rs\/?page_id=2249"},"modified":"2022-12-19T15:08:36","modified_gmt":"2022-12-19T15:08:36","slug":"about-us","status":"publish","type":"page","link":"https:\/\/www.andrejic.rs\/sr\/o-nama\/","title":{"rendered":"O nama"},"content":{"rendered":"<p>[et_pb_section fb_built=&#8221;1&#8243; admin_label=&#8221;Page Title Section&#8221; _builder_version=&#8221;4.2.2&#8243; use_background_color_gradient=&#8221;on&#8221; background_color_gradient_start=&#8221;rgba(23,25,11,0.75)&#8221; background_color_gradient_end=&#8221;rgba(66,68,71,0)&#8221; background_color_gradient_overlays_image=&#8221;on&#8221; background_image=&#8221;https:\/\/www.andrejic.rs\/wp-content\/uploads\/2020\/11\/about-scaled.jpg&#8221; background_position=&#8221;bottom_center&#8221; custom_padding=&#8221;120px||120px|&#8221; animation_style=&#8221;fade&#8221; animation_duration=&#8221;1200ms&#8221;][et_pb_row admin_label=&#8221;Page Title Area&#8221; _builder_version=&#8221;3.25&#8243; background_size=&#8221;initial&#8221; background_position=&#8221;top_left&#8221; background_repeat=&#8221;repeat&#8221;][et_pb_column type=&#8221;4_4&#8243; _builder_version=&#8221;3.25&#8243; custom_padding=&#8221;|||&#8221; custom_padding__hover=&#8221;|||&#8221;][et_pb_text admin_label=&#8221;Page Title&#8221; _builder_version=&#8221;4.2.2&#8243; text_font=&#8221;||||||||&#8221; text_font_size=&#8221;18px&#8221; text_line_height=&#8221;2em&#8221; header_font=&#8221;Prata||||||||&#8221; header_font_size=&#8221;60px&#8221; header_line_height=&#8221;1.6em&#8221; header_2_font=&#8221;||||||||&#8221; text_orientation=&#8221;center&#8221; background_layout=&#8221;dark&#8221; max_width=&#8221;700px&#8221; module_alignment=&#8221;center&#8221; custom_margin=&#8221;|||&#8221; animation_style=&#8221;fade&#8221; header_font_size_tablet=&#8221;40px&#8221; header_font_size_phone=&#8221;&#8221; header_font_size_last_edited=&#8221;on|tablet&#8221;]<\/p>\n<h1>O nama<\/h1>\n<p>Andrejic &amp; Partners is a full-service law firm based in Belgrade.\u00a0<\/p>\n<p>[\/et_pb_text][\/et_pb_column][\/et_pb_row][\/et_pb_section][et_pb_section fb_built=&#8221;1&#8243; admin_label=&#8221;Quote Section&#8221; _builder_version=&#8221;4.2.2&#8243; width=&#8221;100%&#8221; custom_margin=&#8221;||||false|false&#8221; custom_padding=&#8221;||||false|false&#8221; border_color_all=&#8221;rgba(0,0,0,0.42)&#8221; border_width_right=&#8221;0vw&#8221; locked=&#8221;off&#8221;][et_pb_row admin_label=&#8221;Quote Area&#8221; _builder_version=&#8221;4.2.2&#8243; width=&#8221;93%&#8221; module_alignment=&#8221;center&#8221; custom_padding=&#8221;|0px|||false|false&#8221; animation_direction=&#8221;left&#8221;][et_pb_column type=&#8221;4_4&#8243; _builder_version=&#8221;4.2.2&#8243; custom_padding=&#8221;|||&#8221; custom_padding__hover=&#8221;|||&#8221;][et_pb_text _builder_version=&#8221;4.2.2&#8243; text_font=&#8221;Prata||||||||&#8221; text_font_size=&#8221;24px&#8221; text_letter_spacing=&#8221;1px&#8221; text_line_height=&#8221;1.8em&#8221; header_font=&#8221;||||||||&#8221; max_width=&#8221;700px&#8221; module_alignment=&#8221;center&#8221; custom_margin=&#8221;||-1px|||&#8221; custom_padding=&#8221;|||0px|false|false&#8221; animation_style=&#8221;flip&#8221; animation_intensity_flip=&#8221;5%&#8221; animation_starting_opacity=&#8221;100%&#8221; border_color_all=&#8221;#313e47&#8243; locked=&#8221;off&#8221; inline_fonts=&#8221;Verdana&#8221;]<\/p>\n<h1 style=\"text-align: center;\">NA\u0160 TIM<\/h1>\n<p>[\/et_pb_text][et_pb_divider color=&#8221;#000000&#8243; divider_position=&#8221;center&#8221; divider_weight=&#8221;3px&#8221; _builder_version=&#8221;4.2.2&#8243; max_width=&#8221;70px&#8221; module_alignment=&#8221;center&#8221; animation_style=&#8221;slide&#8221; animation_direction=&#8221;top&#8221; animation_intensity_slide=&#8221;10%&#8221; animation_starting_opacity=&#8221;100%&#8221; locked=&#8221;off&#8221;][\/et_pb_divider][et_pb_text _builder_version=&#8221;4.2.2&#8243; text_font=&#8221;||||||||&#8221; text_font_size=&#8221;16px&#8221; text_letter_spacing=&#8221;1px&#8221; text_line_height=&#8221;2em&#8221; header_font=&#8221;||||||||&#8221; max_width=&#8221;700px&#8221; module_alignment=&#8221;center&#8221; custom_margin=&#8221;|||&#8221; custom_padding=&#8221;21px|||0px|false|false&#8221; animation_style=&#8221;slide&#8221; animation_direction=&#8221;left&#8221; animation_duration=&#8221;1550ms&#8221; animation_starting_opacity=&#8221;100%&#8221; hover_enabled=&#8221;0&#8243; border_color_all=&#8221;#313e47&#8243; inline_fonts=&#8221;Verdana&#8221;]<\/p>\n<p style=\"text-align: justify;\">Andrejic &amp; Partners was founded by professionals who have played key roles in putting together many of the landmark transactions in Serbia and neighboring markets, and members of our team\u00a0have represented some of the most highly-regarded businesses in the world, as well as banks, international organizations, governments, state-owned entities, startups, and NGOs. In addition, our firm has repeatedly demonstrated its sophisticated market awareness and internal flexibility, enabling it to adapt quickly and successfully to new technological and legal challenges. We are dedicated to providing quality service that adds value to the business of our clients.<\/p>\n<p>[\/et_pb_text][\/et_pb_column][\/et_pb_row][\/et_pb_section][et_pb_section fb_built=&#8221;1&#8243; admin_label=&#8221;Quote Section&#8221; _builder_version=&#8221;4.2.2&#8243; background_color=&#8221;#f7f7f7&#8243; width=&#8221;100%&#8221; custom_margin=&#8221;||||false|false&#8221; custom_padding=&#8221;||||false|false&#8221; border_color_all=&#8221;rgba(0,0,0,0.42)&#8221; border_width_right=&#8221;0vw&#8221; locked=&#8221;off&#8221;][et_pb_row admin_label=&#8221;Quote Area&#8221; _builder_version=&#8221;4.2.2&#8243; width=&#8221;93%&#8221; module_alignment=&#8221;center&#8221; custom_padding=&#8221;|0px|||false|false&#8221; animation_style=&#8221;slide&#8221; animation_direction=&#8221;right&#8221; animation_intensity_slide=&#8221;2%&#8221;][et_pb_column type=&#8221;4_4&#8243; _builder_version=&#8221;4.2.2&#8243; custom_padding=&#8221;|||&#8221; custom_padding__hover=&#8221;|||&#8221;][et_pb_text _builder_version=&#8221;4.2.2&#8243; text_font=&#8221;Prata||||||||&#8221; text_font_size=&#8221;24px&#8221; text_letter_spacing=&#8221;1px&#8221; text_line_height=&#8221;1.8em&#8221; header_font=&#8221;||||||||&#8221; max_width=&#8221;700px&#8221; module_alignment=&#8221;center&#8221; custom_margin=&#8221;||-1px|||&#8221; custom_padding=&#8221;|||0px|false|false&#8221; animation_style=&#8221;flip&#8221; animation_intensity_flip=&#8221;5%&#8221; animation_starting_opacity=&#8221;100%&#8221; border_color_all=&#8221;#313e47&#8243; locked=&#8221;off&#8221; inline_fonts=&#8221;Verdana&#8221;]<\/p>\n<h1 style=\"text-align: center;\">ISKUSTVO<\/h1>\n<p>[\/et_pb_text][et_pb_divider color=&#8221;#000000&#8243; divider_position=&#8221;center&#8221; divider_weight=&#8221;3px&#8221; _builder_version=&#8221;4.2.2&#8243; max_width=&#8221;70px&#8221; module_alignment=&#8221;center&#8221; animation_style=&#8221;slide&#8221; animation_direction=&#8221;top&#8221; animation_intensity_slide=&#8221;10%&#8221; animation_starting_opacity=&#8221;100%&#8221; locked=&#8221;off&#8221;][\/et_pb_divider][et_pb_text _builder_version=&#8221;4.2.2&#8243; text_font=&#8221;||||||||&#8221; text_font_size=&#8221;16px&#8221; text_letter_spacing=&#8221;1px&#8221; text_line_height=&#8221;2em&#8221; header_font=&#8221;||||||||&#8221; max_width=&#8221;700px&#8221; module_alignment=&#8221;center&#8221; custom_margin=&#8221;|||&#8221; custom_padding=&#8221;21px|||0px|false|false&#8221; animation_style=&#8221;slide&#8221; animation_direction=&#8221;right&#8221; animation_duration=&#8221;1350ms&#8221; animation_starting_opacity=&#8221;100%&#8221; hover_enabled=&#8221;0&#8243; border_color_all=&#8221;#313e47&#8243; inline_fonts=&#8221;Verdana&#8221;]<\/p>\n<p style=\"text-align: justify;\">Na\u0161 tim \u010dine advokati sa zna\u010dajnim iskustvom bilo kao nezavisni stru\u010dnjaci, tako i kao deo drugih reputabilnih kancelarija u Srbiji. Redovno sara\u0111ujemo sa advokatima koji su prepoznati kao lideri u svojim oblastima na svakom projektu za koji je mo\u017eda potrebna specifi\u010dna stru\u010dnost. Na\u0161 tim prilago\u0111avamo prema potrebama klijenta i mo\u017eemo uklju\u010diti stru\u010dnjake iz svih industrijskih sektora, u zavisnosti od slu\u010daja.<\/p>\n<p>[\/et_pb_text][\/et_pb_column][\/et_pb_row][\/et_pb_section][et_pb_section fb_built=&#8221;1&#8243; admin_label=&#8221;Fun Fact Section&#8221; _builder_version=&#8221;4.2.2&#8243; background_enable_color=&#8221;off&#8221; custom_padding=&#8221;78px||100px|||&#8221; animation_style=&#8221;slide&#8221; animation_direction=&#8221;left&#8221; animation_duration=&#8221;1350ms&#8221; locked=&#8221;off&#8221;][et_pb_row _builder_version=&#8221;4.2.2&#8243;][et_pb_column type=&#8221;4_4&#8243; _builder_version=&#8221;4.2.2&#8243;][et_pb_text _builder_version=&#8221;4.2.2&#8243; text_font=&#8221;Prata||||||||&#8221; text_font_size=&#8221;24px&#8221; text_letter_spacing=&#8221;1px&#8221; text_line_height=&#8221;1.8em&#8221; header_font=&#8221;||||||||&#8221; max_width=&#8221;700px&#8221; module_alignment=&#8221;center&#8221; custom_margin=&#8221;||-1px|||&#8221; custom_padding=&#8221;|||0px|false|false&#8221; animation_style=&#8221;flip&#8221; animation_intensity_flip=&#8221;5%&#8221; animation_starting_opacity=&#8221;100%&#8221; border_color_all=&#8221;#313e47&#8243; locked=&#8221;off&#8221; inline_fonts=&#8221;Verdana&#8221;]<\/p>\n<h1 style=\"text-align: center;\">NEZAVISNE RECENZIJE<\/h1>\n<p>[\/et_pb_text][et_pb_divider color=&#8221;#000000&#8243; divider_position=&#8221;center&#8221; divider_weight=&#8221;3px&#8221; _builder_version=&#8221;4.2.2&#8243; max_width=&#8221;70px&#8221; module_alignment=&#8221;center&#8221; animation_style=&#8221;slide&#8221; animation_direction=&#8221;top&#8221; animation_intensity_slide=&#8221;10%&#8221; animation_starting_opacity=&#8221;100%&#8221; locked=&#8221;off&#8221;][\/et_pb_divider][et_pb_text _builder_version=&#8221;4.2.2&#8243; text_font=&#8221;||||||||&#8221; text_font_size=&#8221;16px&#8221; text_letter_spacing=&#8221;1px&#8221; text_line_height=&#8221;2em&#8221; header_font=&#8221;||||||||&#8221; max_width=&#8221;700px&#8221; module_alignment=&#8221;center&#8221; custom_margin=&#8221;|||&#8221; custom_padding=&#8221;21px|||0px|false|false&#8221; animation_style=&#8221;slide&#8221; animation_direction=&#8221;left&#8221; animation_duration=&#8221;1550ms&#8221; animation_starting_opacity=&#8221;100%&#8221; hover_enabled=&#8221;0&#8243; border_color_all=&#8221;#313e47&#8243; locked=&#8221;off&#8221; inline_fonts=&#8221;Verdana&#8221;]<\/p>\n<p>Andrejic &amp; Partners was recognized by leading law firm ranking services and referral guides Legal 500 and IFLR 1000 as a leading law firm in Serbia in both 2021 and 2022.<\/p>\n<p style=\"text-align: justify;\"><span style=\"font-weight: 400;\">Da saznate vi\u0161e o ovom rangiranju pratite slede\u0107i <\/span><a href=\"https:\/\/www.andrejic.rs\/sr\/3167-2\/\" style=\"font-weight: 400;\"><span>link<\/span><\/a><span style=\"font-weight: 400;\">. <\/span><\/p>\n<p>&nbsp;<\/p>\n<p>[\/et_pb_text][\/et_pb_column][\/et_pb_row][\/et_pb_section][et_pb_section fb_built=&#8221;1&#8243; admin_label=&#8221;Quote Section&#8221; _builder_version=&#8221;4.2.2&#8243; background_color=&#8221;#f7f7f7&#8243; width=&#8221;100%&#8221; custom_margin=&#8221;||||false|false&#8221; custom_padding=&#8221;||||false|false&#8221; animation_style=&#8221;slide&#8221; animation_direction=&#8221;right&#8221; border_color_all=&#8221;rgba(0,0,0,0.42)&#8221; border_width_right=&#8221;0vw&#8221; locked=&#8221;off&#8221;][et_pb_row admin_label=&#8221;Quote Area&#8221; _builder_version=&#8221;4.2.2&#8243; width=&#8221;100%&#8221; module_alignment=&#8221;center&#8221; custom_margin=&#8221;|auto|-42px|auto||&#8221; custom_padding=&#8221;|0px|0px||false|false&#8221; animation_style=&#8221;slide&#8221; animation_direction=&#8221;right&#8221; animation_intensity_slide=&#8221;2%&#8221;][et_pb_column type=&#8221;4_4&#8243; _builder_version=&#8221;4.2.2&#8243;][et_pb_text _builder_version=&#8221;4.2.2&#8243; text_font=&#8221;Prata||||||||&#8221; text_font_size=&#8221;24px&#8221; text_letter_spacing=&#8221;1px&#8221; text_line_height=&#8221;1.8em&#8221; header_font=&#8221;||||||||&#8221; max_width=&#8221;700px&#8221; module_alignment=&#8221;center&#8221; custom_margin=&#8221;|||&#8221; custom_padding=&#8221;|||0px|false|false&#8221; animation_style=&#8221;flip&#8221; animation_intensity_flip=&#8221;5%&#8221; animation_starting_opacity=&#8221;100%&#8221; border_color_all=&#8221;#313e47&#8243; inline_fonts=&#8221;Verdana&#8221;]<\/p>\n<h1 style=\"text-align: center;\">KARIJERA<\/h1>\n<p>[\/et_pb_text][\/et_pb_column][\/et_pb_row][et_pb_row admin_label=&#8221;Quote Area&#8221; _builder_version=&#8221;4.2.2&#8243; width=&#8221;93%&#8221; module_alignment=&#8221;center&#8221; custom_padding=&#8221;|0px|||false|false&#8221; animation_style=&#8221;slide&#8221; animation_direction=&#8221;right&#8221; animation_duration=&#8221;1350ms&#8221; animation_intensity_slide=&#8221;2%&#8221;][et_pb_column type=&#8221;4_4&#8243; _builder_version=&#8221;4.2.2&#8243; custom_padding=&#8221;|||&#8221; custom_padding__hover=&#8221;|||&#8221;][et_pb_divider color=&#8221;#000000&#8243; divider_position=&#8221;center&#8221; divider_weight=&#8221;3px&#8221; _builder_version=&#8221;4.2.2&#8243; max_width=&#8221;70px&#8221; module_alignment=&#8221;center&#8221; animation_style=&#8221;slide&#8221; animation_direction=&#8221;top&#8221; animation_intensity_slide=&#8221;10%&#8221; animation_starting_opacity=&#8221;100%&#8221;][\/et_pb_divider][et_pb_text _builder_version=&#8221;4.2.2&#8243; text_font=&#8221;Verdana||||||||&#8221; text_font_size=&#8221;16px&#8221; text_letter_spacing=&#8221;1px&#8221; text_line_height=&#8221;1.8em&#8221; header_font=&#8221;||||||||&#8221; text_orientation=&#8221;justified&#8221; max_width=&#8221;700px&#8221; module_alignment=&#8221;center&#8221; custom_margin=&#8221;|||&#8221; custom_padding=&#8221;21px|||0px|false|false&#8221; animation_style=&#8221;flip&#8221; animation_intensity_flip=&#8221;5%&#8221; animation_starting_opacity=&#8221;100%&#8221; hover_enabled=&#8221;0&#8243; border_color_all=&#8221;#313e47&#8243; inline_fonts=&#8221;Verdana&#8221;]<\/p>\n<p style=\"text-align: justify;\">Rad u na\u0161oj kancelariji \u0107e vam pru\u017eiti priliku da u\u010destvujete u nekim od najinteresantnijih i najizazovnijih transakcija na tr\u017ei\u0161tu. Ukoliko vam je ta mogu\u0107nost interesantno, budite slobodni da podelite svoj CV sa nama.<\/p>\n<p>[\/et_pb_text][\/et_pb_column][\/et_pb_row][et_pb_row _builder_version=&#8221;4.2.2&#8243;][et_pb_column type=&#8221;4_4&#8243; _builder_version=&#8221;4.2.2&#8243;][et_pb_button button_url=&#8221;@ET-DC@eyJkeW5hbWljIjp0cnVlLCJjb250ZW50IjoicG9zdF9saW5rX3VybF9wYWdlIiwic2V0dGluZ3MiOnsicG9zdF9pZCI6IjIxMzAifX0=@&#8221; button_text=&#8221;Contact Us&#8221; button_alignment=&#8221;center&#8221; _builder_version=&#8221;4.2.2&#8243; _dynamic_attributes=&#8221;button_url&#8221; custom_button=&#8221;on&#8221; button_text_size=&#8221;14px&#8221; button_text_color=&#8221;#000000&#8243; button_font=&#8221;|700||on|||||&#8221;][\/et_pb_button][\/et_pb_column][\/et_pb_row][\/et_pb_section]<\/p>","protected":false},"excerpt":{"rendered":"<p>[et_pb_section fb_built=&#8221;1&#8243; admin_label=&#8221;Page Title Section&#8221; _builder_version=&#8221;4.2.2&#8243; use_background_color_gradient=&#8221;on&#8221; background_color_gradient_start=&#8221;rgba(23,25,11,0.75)&#8221; background_color_gradient_end=&#8221;rgba(66,68,71,0)&#8221; background_color_gradient_overlays_image=&#8221;on&#8221; background_image=&#8221;https:\/\/www.andrejic.rs\/wp-content\/uploads\/2020\/11\/about-scaled.jpg&#8221; background_position=&#8221;bottom_center&#8221; custom_padding=&#8221;120px||120px|&#8221; animation_style=&#8221;fade&#8221; animation_duration=&#8221;1200ms&#8221;][et_pb_row admin_label=&#8221;Page Title Area&#8221; _builder_version=&#8221;3.25&#8243; background_size=&#8221;initial&#8221; background_position=&#8221;top_left&#8221; background_repeat=&#8221;repeat&#8221;][et_pb_column type=&#8221;4_4&#8243; _builder_version=&#8221;3.25&#8243; custom_padding=&#8221;|||&#8221; custom_padding__hover=&#8221;|||&#8221;][et_pb_text admin_label=&#8221;Page Title&#8221; _builder_version=&#8221;4.2.2&#8243; text_font=&#8221;||||||||&#8221; text_font_size=&#8221;18px&#8221; text_line_height=&#8221;2em&#8221; header_font=&#8221;Prata||||||||&#8221; header_font_size=&#8221;60px&#8221; header_line_height=&#8221;1.6em&#8221; header_2_font=&#8221;||||||||&#8221; text_orientation=&#8221;center&#8221; background_layout=&#8221;dark&#8221; max_width=&#8221;700px&#8221; module_alignment=&#8221;center&#8221; custom_margin=&#8221;|||&#8221; animation_style=&#8221;fade&#8221; header_font_size_tablet=&#8221;40px&#8221; header_font_size_phone=&#8221;&#8221; header_font_size_last_edited=&#8221;on|tablet&#8221;] About Us Andrejic &amp; Partners is a full-service law firm [&hellip;]<\/p>","protected":false},"author":1,"featured_media":0,"parent":0,"menu_order":0,"comment_status":"closed","ping_status":"closed","template":"","meta":{"_et_pb_use_builder":"on","_et_pb_old_content":"","_et_gb_content_width":""},"yoast_head":"<!-- This site is optimized with the Yoast SEO plugin v15.3 - https:\/\/yoast.com\/wordpress\/plugins\/seo\/ -->\n<title>About Us - Andrejic &amp; Partners Law Office<\/title>\n<meta name=\"robots\" content=\"index, follow, max-snippet:-1, max-image-preview:large, max-video-preview:-1\" \/>\n<link rel=\"canonical\" href=\"https:\/\/www.andrejic.rs\/sr\/o-nama\/\" \/>\n<meta property=\"og:locale\" content=\"sr_RS\" \/>\n<meta property=\"og:type\" content=\"article\" \/>\n<meta property=\"og:title\" content=\"About Us - Andrejic &amp; Partners Law Office\" \/>\n<meta property=\"og:description\" content=\"[et_pb_section fb_built=&#8221;1&#8243; admin_label=&#8221;Page Title Section&#8221; _builder_version=&#8221;4.2.2&#8243; use_background_color_gradient=&#8221;on&#8221; background_color_gradient_start=&#8221;rgba(23,25,11,0.75)&#8221; background_color_gradient_end=&#8221;rgba(66,68,71,0)&#8221; background_color_gradient_overlays_image=&#8221;on&#8221; background_image=&#8221;https:\/\/www.andrejic.rs\/wp-content\/uploads\/2020\/11\/about-scaled.jpg&#8221; background_position=&#8221;bottom_center&#8221; custom_padding=&#8221;120px||120px|&#8221; animation_style=&#8221;fade&#8221; animation_duration=&#8221;1200ms&#8221;][et_pb_row admin_label=&#8221;Page Title Area&#8221; _builder_version=&#8221;3.25&#8243; background_size=&#8221;initial&#8221; background_position=&#8221;top_left&#8221; background_repeat=&#8221;repeat&#8221;][et_pb_column type=&#8221;4_4&#8243; _builder_version=&#8221;3.25&#8243; custom_padding=&#8221;|||&#8221; custom_padding__hover=&#8221;|||&#8221;][et_pb_text admin_label=&#8221;Page Title&#8221; _builder_version=&#8221;4.2.2&#8243; text_font=&#8221;||||||||&#8221; text_font_size=&#8221;18px&#8221; text_line_height=&#8221;2em&#8221; header_font=&#8221;Prata||||||||&#8221; header_font_size=&#8221;60px&#8221; header_line_height=&#8221;1.6em&#8221; header_2_font=&#8221;||||||||&#8221; text_orientation=&#8221;center&#8221; background_layout=&#8221;dark&#8221; max_width=&#8221;700px&#8221; module_alignment=&#8221;center&#8221; custom_margin=&#8221;|||&#8221; animation_style=&#8221;fade&#8221; header_font_size_tablet=&#8221;40px&#8221; header_font_size_phone=&#8221;&#8221; header_font_size_last_edited=&#8221;on|tablet&#8221;] About Us Andrejic &amp; Partners is a full-service law firm [&hellip;]\" \/>\n<meta property=\"og:url\" content=\"https:\/\/www.andrejic.rs\/sr\/o-nama\/\" \/>\n<meta property=\"og:site_name\" content=\"Andrejic &amp; Partners Law Office\" \/>\n<meta property=\"article:modified_time\" content=\"2022-12-19T15:08:36+00:00\" \/>\n<meta name=\"twitter:card\" content=\"summary_large_image\" \/>\n<meta name=\"twitter:label1\" content=\"Written by\">\n\t<meta name=\"twitter:data1\" content=\"admin\">\n\t<meta name=\"twitter:label2\" content=\"Est. reading time\">\n\t<meta name=\"twitter:data2\" content=\"6 \u043c\u0438\u043d\u0443\u0442\u0430\">\n<script type=\"application\/ld+json\" class=\"yoast-schema-graph\">{\"@context\":\"https:\/\/schema.org\",\"@graph\":[{\"@type\":\"Organization\",\"@id\":\"https:\/\/www.andrejic.rs\/sr\/#organization\",\"name\":\"Andrejic & Partners Law Office\",\"url\":\"https:\/\/www.andrejic.rs\/sr\/\",\"sameAs\":[\"https:\/\/www.linkedin.com\/company\/andreji\\u0107-partners\"],\"logo\":{\"@type\":\"ImageObject\",\"@id\":\"https:\/\/www.andrejic.rs\/sr\/#logo\",\"inLanguage\":\"sr-RS\",\"url\":\"https:\/\/www.andrejic.rs\/wp-content\/uploads\/2020\/10\/logoCRNAP.png\",\"width\":312,\"height\":260,\"caption\":\"Andrejic & Partners Law Office\"},\"image\":{\"@id\":\"https:\/\/www.andrejic.rs\/sr\/#logo\"}},{\"@type\":\"WebSite\",\"@id\":\"https:\/\/www.andrejic.rs\/sr\/#website\",\"url\":\"https:\/\/www.andrejic.rs\/sr\/\",\"name\":\"Andrejic & Partners Law Office\",\"description\":\"An independent, full-service law firm based in Belgrade\",\"publisher\":{\"@id\":\"https:\/\/www.andrejic.rs\/sr\/#organization\"},\"potentialAction\":[{\"@type\":\"SearchAction\",\"target\":\"https:\/\/www.andrejic.rs\/sr\/?s={search_term_string}\",\"query-input\":\"required name=search_term_string\"}],\"inLanguage\":\"sr-RS\"},{\"@type\":\"WebPage\",\"@id\":\"https:\/\/www.andrejic.rs\/sr\/o-nama\/#webpage\",\"url\":\"https:\/\/www.andrejic.rs\/sr\/o-nama\/\",\"name\":\"About Us - Andrejic &amp; Partners Law Office\",\"isPartOf\":{\"@id\":\"https:\/\/www.andrejic.rs\/sr\/#website\"},\"datePublished\":\"2020-10-12T21:05:12+00:00\",\"dateModified\":\"2022-12-19T15:08:36+00:00\",\"inLanguage\":\"sr-RS\",\"potentialAction\":[{\"@type\":\"ReadAction\",\"target\":[\"https:\/\/www.andrejic.rs\/sr\/o-nama\/\"]}]}]}<\/script>\n<!-- \/ Yoast SEO plugin. -->","_links":{"self":[{"href":"https:\/\/www.andrejic.rs\/sr\/wp-json\/wp\/v2\/pages\/2249"}],"collection":[{"href":"https:\/\/www.andrejic.rs\/sr\/wp-json\/wp\/v2\/pages"}],"about":[{"href":"https:\/\/www.andrejic.rs\/sr\/wp-json\/wp\/v2\/types\/page"}],"author":[{"embeddable":true,"href":"https:\/\/www.andrejic.rs\/sr\/wp-json\/wp\/v2\/users\/1"}],"replies":[{"embeddable":true,"href":"https:\/\/www.andrejic.rs\/sr\/wp-json\/wp\/v2\/comments?post=2249"}],"version-history":[{"count":33,"href":"https:\/\/www.andrejic.rs\/sr\/wp-json\/wp\/v2\/pages\/2249\/revisions"}],"predecessor-version":[{"id":3235,"href":"https:\/\/www.andrejic.rs\/sr\/wp-json\/wp\/v2\/pages\/2249\/revisions\/3235"}],"wp:attachment":[{"href":"https:\/\/www.andrejic.rs\/sr\/wp-json\/wp\/v2\/media?parent=2249"}],"curies":[{"name":"wp","href":"https:\/\/api.w.org\/{rel}","templated":true}]}}